{"id":29622,"date":"2026-02-15T05:07:43","date_gmt":"2026-02-15T03:07:43","guid":{"rendered":"https:\/\/dev.tiremoni.com\/?page_id=29622"},"modified":"2026-04-11T03:02:05","modified_gmt":"2026-04-11T01:02:05","slug":"integratorer","status":"publish","type":"page","link":"https:\/\/dev.tiremoni.com\/da\/integratoren\/","title":{"rendered":"integratorer"},"content":{"rendered":"<h1 data-loc=\"client\/src\/pages\/Integratoren.tsx:32\" style=\"color: var(--tcb-skin-color-2) !important; --tcb-applied-color: var$(--tcb-skin-color-2) !important; text-align: left;\">Siden juli 2024 har alle nye fl\u00e5dek\u00f8ret\u00f8jer v\u00e6ret udstyret med et TPMS (d\u00e6ktryksoverv\u00e5gningssystem). Men overf\u00f8res dataene ogs\u00e5 til jeres platform?<\/h1>\n<p data-loc=\"client\/src\/pages\/Flottenmanager.tsx:49\" style=\"text-align: left;\">Med UN ECE R141 er d\u00e6ktrykdata tilg\u00e6ngelige for alle nye k\u00f8ret\u00f8jer over 3,5 tons. Dine kunder forventer disse data p\u00e5 deres dashboards. TireMoni leverer API-kompatible sensorer og white-label-integration, hvilket sikrer, at TPMS ikke forbliver et s\u00e6rligt projekt.<\/p>\n<\/p>\n<p style=\"\">REST API og MQTT tilg\u00e6ngelige<\/p>\n<p style=\"\">Bevis for konceptet p\u00e5 5 dage<\/p>\n<p style=\"\">SDK med eksempelkode<\/p>\n<p style=\"\">Udviklersupport inkluderet<\/p>\n<p><span><img decoding=\"async\" alt=\"\" data-id=\"29588\" width=\"655\" data-init-width=\"1376\" height=\"365\" data-init-height=\"768\" title=\"genereret-billede-1770436560161\" loading=\"lazy\" src=\"https:\/\/dev.tiremoni.com\/cms\/wp-content\/uploads\/2026\/02\/generated-image-1770436560161.png\" data-width=\"655\" data-height=\"365\" style=\"aspect-ratio: auto 1376 \/ 768;\"><\/span><\/p>\n<p style=\"\">Udfordringen:<\/p>\n<p style=\"\">TPMS-integration uden kompromis<\/p>\n<h3 data-loc=\"client\/src\/pages\/Flottenmanager.tsx:128\" style=\"\">Manglende API-dokumentation<\/h3>\n<p style=\"\"><span data-loc=\"client\/src\/pages\/Integratoren.tsx:116\" style=\"\">Mange producenter undlader at levere dokumentation for brugbar gr\u00e6nseflade. Udviklere bliver efterladt i uvidenhed.<\/span><\/p>\n<h3 data-loc=\"client\/src\/pages\/Flottenmanager.tsx:128\" style=\"\">Propriet\u00e6re protokoller<\/h3>\n<p style=\"\"><span data-loc=\"client\/src\/pages\/Integratoren.tsx:123\">Lukkede systemer kan ikke integreres. De kan ikke levere, hvad kunderne forventer.<\/span><\/p>\n<h3 data-loc=\"client\/src\/pages\/Flottenmanager.tsx:128\" style=\"\">Mangel p\u00e5 udviklerst\u00f8tte<\/h3>\n<p data-loc=\"client\/src\/pages\/Flottenmanager.tsx:129\" style=\"\">Ingen teknisk kontaktperson. E-mails forbliver ubesvarede, tekniske sp\u00f8rgsm\u00e5l ender i salget.<\/p>\n<h3 data-loc=\"client\/src\/pages\/Flottenmanager.tsx:128\" style=\"\">Skaleringsproblemer<\/h3>\n<p data-loc=\"client\/src\/pages\/Flottenmanager.tsx:129\" style=\"\">Det fungerer i laboratoriet med to k\u00f8ret\u00f8jer, men hvad med 500+? Ingen garanterer arkitekturen.<\/p>\n<p><!--! Font Awesome Free 6.7.1 by @fontawesome - https:\/\/fontawesome.com License - https:\/\/fontawesome.com\/license\/free (Icons: CC BY 4.0, Fonts: SIL OFL 1.1, Code: MIT License) Copyright 2024 Fonticons, Inc. --><\/p>\n<p style=\"\">Vores l\u00f8sning:<\/p>\n<p style=\"\">Fleksibel <span style=\"font-size: 21px !important;\">integration <\/span>efter behov<\/p>\n<p><!--! Font Awesome Free 6.7.1 by @fontawesome - https:\/\/fontawesome.com License - https:\/\/fontawesome.com\/license\/free (Icons: CC BY 4.0, Fonts: SIL OFL 1.1, Code: MIT License) Copyright 2024 Fonticons, Inc. --><\/p>\n<h3 data-loc=\"client\/src\/pages\/Flottenmanager.tsx:128\" style=\"color: var(--tcb-skin-color-2) !important; --tcb-applied-color: var$(--tcb-skin-color-2) !important;\">Dokumenterede API&#039;er<\/h3>\n<p data-loc=\"client\/src\/pages\/Flottenmanager.tsx:129\" style=\"\">REST\/MQTT-gr\u00e6nseflader til realtidsdata. Komplet dokumentation med eksempelforesp\u00f8rgsel.<\/p>\n<h3 data-loc=\"client\/src\/pages\/Flottenmanager.tsx:128\" style=\"color: var(--tcb-skin-color-2) !important; --tcb-applied-color: var$(--tcb-skin-color-2) !important;\">Platformuafh\u00e6ngig<\/h3>\n<p data-loc=\"client\/src\/pages\/Flottenmanager.tsx:129\">Integration i enhver telematik- eller IoT-platform. BLE, CAN-bus, RS-232, REST, MQTT.<\/p>\n<h3 data-loc=\"client\/src\/pages\/Flottenmanager.tsx:128\">White-label-kompatibel<\/h3>\n<p data-loc=\"client\/src\/pages\/Flottenmanager.tsx:129\" style=\"\">Sensorer og software under dit brand. Ingen TireMoni-branding synlig for dine kunder.<\/p>\n<h3 data-loc=\"client\/src\/pages\/Flottenmanager.tsx:128\">Ingeni\u00f8rsupport<\/h3>\n<p data-loc=\"client\/src\/pages\/Flottenmanager.tsx:129\" style=\"\">Direkte linje til udviklingsteamet. Svar inden for 4 timer.<\/p>\n<p><!--! Font Awesome Free 6.7.1 by @fontawesome - https:\/\/fontawesome.com License - https:\/\/fontawesome.com\/license\/free (Icons: CC BY 4.0, Fonts: SIL OFL 1.1, Code: MIT License) Copyright 2024 Fonticons, Inc. --><\/p>\n<p style=\"\">Vores l\u00f8sning:<\/p>\n<p style=\"\">Fleksibel <span style=\"font-size: 21px !important;\">integration <\/span>efter behov<\/p>\n<p><!--! Font Awesome Free 6.7.1 by @fontawesome - https:\/\/fontawesome.com License - https:\/\/fontawesome.com\/license\/free (Icons: CC BY 4.0, Fonts: SIL OFL 1.1, Code: MIT License) Copyright 2024 Fonticons, Inc. --><\/p>\n<h3 data-loc=\"client\/src\/pages\/Flottenmanager.tsx:128\" style=\"color: var(--tcb-skin-color-2) !important; --tcb-applied-color: var$(--tcb-skin-color-2) !important;\">Dokumenterede API&#039;er<\/h3>\n<p data-loc=\"client\/src\/pages\/Flottenmanager.tsx:129\" style=\"\">REST\/MQTT-gr\u00e6nseflader til realtidsdata. Komplet dokumentation med eksempelforesp\u00f8rgsel.<\/p>\n<h3 data-loc=\"client\/src\/pages\/Flottenmanager.tsx:128\" style=\"color: var(--tcb-skin-color-2) !important; --tcb-applied-color: var$(--tcb-skin-color-2) !important;\">Platformuafh\u00e6ngig<\/h3>\n<p data-loc=\"client\/src\/pages\/Flottenmanager.tsx:129\">Integration i enhver telematik- eller IoT-platform. BLE, CAN-bus, RS-232, REST, MQTT.<\/p>\n<h3 data-loc=\"client\/src\/pages\/Flottenmanager.tsx:128\">White-label-kompatibel<\/h3>\n<p data-loc=\"client\/src\/pages\/Flottenmanager.tsx:129\" style=\"\">Sensorer og software under dit brand. Ingen TireMoni-branding synlig for dine kunder.<\/p>\n<h3 data-loc=\"client\/src\/pages\/Flottenmanager.tsx:128\">Ingeni\u00f8rsupport<\/h3>\n<p data-loc=\"client\/src\/pages\/Flottenmanager.tsx:129\" style=\"\">Direkte linje til udviklingsteamet. Svar inden for 4 timer.<\/p>\n<h2 data-loc=\"client\/src\/pages\/Integratoren.tsx:192\" style=\"text-align: center; color: var(--tcb-skin-color-2) !important; --tcb-applied-color: var$(--tcb-skin-color-2) !important;\">Hvordan TireMoni passer ind i din platform<\/h2>\n<p data-loc=\"client\/src\/pages\/Integratoren.tsx:193\" style=\"text-align: center;\">Uanset om det er et telematik-dashboard, fl\u00e5destyringssoftware eller IoT-gateway \u2014<\/p>\n<p data-loc=\"client\/src\/pages\/Integratoren.tsx:193\" style=\"text-align: center;\">TireMoni integreres problemfrit.<\/p>\n<p style=\"text-align: center;\"><\/p>\n<h3 data-loc=\"client\/src\/pages\/Wohnmobil.tsx:62\" style=\"color: var(--tcb-skin-color-2) !important; --tcb-applied-color: var$(--tcb-skin-color-2) !important;\">Telematikplatform<\/h3>\n<p data-loc=\"client\/src\/pages\/Wohnmobil.tsx:63\" style=\"\">TPMS-data sammen med GPS, temperatur og OBD p\u00e5 instrumentbr\u00e6ttet. Visning i realtid for alle k\u00f8ret\u00f8jer.<\/p>\n<p style=\"\"><strong data-loc=\"client\/src\/pages\/Integratoren.tsx:209\">Teknologi:<\/strong> BLE-gateway til skyen via MQTT<\/p>\n<h3 data-loc=\"client\/src\/pages\/Wohnmobil.tsx:62\" style=\"color: var(--tcb-skin-color-2) !important; --tcb-applied-color: var$(--tcb-skin-color-2) !important;\">White-label-l\u00f8sning<\/h3>\n<p data-loc=\"client\/src\/pages\/Wohnmobil.tsx:63\" style=\"\">Komplet hardware og software som en del af din portef\u00f8lje. Dine kunder ser kun dit branding.<\/p>\n<p style=\"\"><strong data-loc=\"client\/src\/pages\/Integratoren.tsx:209\">Teknologi:<\/strong>&nbsp;Tilpasset brugergr\u00e6nseflade og sensorer<\/p>\n<h3 data-loc=\"client\/src\/pages\/Wohnmobil.tsx:62\" style=\"color: var(--tcb-skin-color-2) !important; --tcb-applied-color: var$(--tcb-skin-color-2) !important;\">Fl\u00e5destyring<\/h3>\n<p data-loc=\"client\/src\/pages\/Integratoren.tsx:219\" style=\"\">D\u00e6ktryksalarmer som en del af vedligeholdelsesplanl\u00e6gningen. Automatiske b\u00f8der udstedes, n\u00e5r kritiske v\u00e6rdier n\u00e5s.<\/p>\n<p style=\"\"><strong data-loc=\"client\/src\/pages\/Integratoren.tsx:209\">Teknologi:<\/strong> REST API leverer printdata<\/p>\n<p><!--! Font Awesome Free 6.7.1 by @fontawesome - https:\/\/fontawesome.com License - https:\/\/fontawesome.com\/license\/free (Icons: CC BY 4.0, Fonts: SIL OFL 1.1, Code: MIT License) Copyright 2024 Fonticons, Inc. --><\/p>\n<h3 data-loc=\"client\/src\/pages\/Wohnmobil.tsx:62\" style=\"color: var(--tcb-skin-color-2) !important; --tcb-applied-color: var$(--tcb-skin-color-2) !important;\">IoT-gateway<\/h3>\n<p data-loc=\"client\/src\/pages\/Integratoren.tsx:261\" style=\"\">Videresend sensordata via din eksisterende gateway. TPMS som en ekstra datastr\u00f8m.<\/p>\n<p style=\"\"><strong data-loc=\"client\/src\/pages\/Integratoren.tsx:209\">Teknologi:<\/strong>&nbsp;BLE -&gt; Gateway .&gt; Cloud<\/p>\n<h3 data-loc=\"client\/src\/pages\/Wohnmobil.tsx:62\" style=\"color: var(--tcb-skin-color-2) !important; --tcb-applied-color: var$(--tcb-skin-color-2) !important;\">ER\u00dc\/TMS-integration<\/h3>\n<p data-loc=\"client\/src\/pages\/Integratoren.tsx:233\" style=\"\">Kontrol f\u00f8r afgang er automatiseret. Dokumentation til forsikringsselskaber genereres direkte i TMS.<\/p>\n<p style=\"\"><strong data-loc=\"client\/src\/pages\/Integratoren.tsx:209\">Teknologi:<\/strong> API-integration f\u00f8r turstart<\/p>\n<h2 data-loc=\"client\/src\/pages\/Integratoren.tsx:276\" style=\"text-align: center; color: var(--tcb-skin-color-0) !important; --tcb-applied-color: var$(--tcb-skin-color-0) !important;\">Tilg\u00e6ngelige gr\u00e6nseflader \u2014 du v\u00e6lger<\/h2>\n<p data-loc=\"client\/src\/pages\/Integratoren.tsx:277\" style=\"text-align: center;\">TireMoni taler dit sprog. V\u00e6lg den brugerflade, der passer til din arkitektur.<\/p>\n<table data-rows=\"5\" data-cols=\"4\" style=\"\">\n<thead>\n<tr>\n<th data-direction=\"down\" style=\"\">\n<p style=\"\"><strong>gr\u00e6nseflade<\/strong><\/p>\n<\/th>\n<th colspan=\"1\" rowspan=\"1\" data-direction=\"\" style=\"\">\n<p style=\"\"><strong>Mission<\/strong><\/p>\n<\/th>\n<th colspan=\"1\" rowspan=\"1\" data-direction=\"\" style=\"\">\n<p style=\"\"><strong>protokol<\/strong><\/p>\n<\/th>\n<th colspan=\"1\" rowspan=\"1\" data-direction=\"\" style=\"\">\n<p style=\"\">Ideel til<\/p>\n<\/th>\n<\/tr>\n<\/thead>\n<tbody>\n<tr>\n<td data-th=\"Schnittstelle\" style=\"\">\n<p style=\"\">REST API<\/p>\n<\/td>\n<td colspan=\"1\" rowspan=\"1\" data-th=\"Einsatz\" style=\"\">\n<p style=\"\">Cloud-integration, dashboards<\/p>\n<\/td>\n<td colspan=\"1\" rowspan=\"1\" data-th=\"Protokoll\" style=\"\">\n<p style=\"\">HTTP\/JSON<\/p>\n<\/td>\n<td colspan=\"1\" rowspan=\"1\" data-th=\"Ideal f\u00fcr\" style=\"\">\n<p style=\"\">Webplatforme, SaaS<\/p>\n<\/td>\n<\/tr>\n<tr>\n<td data-th=\"Schnittstelle\" rowspan=\"1\" colspan=\"1\" style=\"\">\n<p style=\"\">MQTT<\/p>\n<\/td>\n<td colspan=\"1\" rowspan=\"1\" data-th=\"Einsatz\" style=\"\">\n<p style=\"\">Realtidsstreaming, IoT<\/p>\n<\/td>\n<td colspan=\"1\" rowspan=\"1\" data-th=\"Protokoll\" style=\"\">\n<p style=\"\">Pub\/Sub<\/p>\n<\/td>\n<td colspan=\"1\" rowspan=\"1\" data-th=\"Ideal f\u00fcr\" style=\"\">\n<p style=\"\">Begivenhedsdrevet arkitektur<\/p>\n<\/td>\n<\/tr>\n<tr>\n<td data-th=\"Schnittstelle\" rowspan=\"1\" colspan=\"1\" style=\"\"><!--! Font Awesome Free 6.7.1 by @fontawesome - https:\/\/fontawesome.com License - https:\/\/fontawesome.com\/license\/free (Icons: CC BY 4.0, Fonts: SIL OFL 1.1, Code: MIT License) Copyright 2024 Fonticons, Inc. --><\/p>\n<p style=\"\">Bluetooth LE<\/p>\n<\/td>\n<td colspan=\"1\" rowspan=\"1\" data-th=\"Einsatz\" style=\"\">\n<p style=\"\">Direkte sensorforesp\u00f8rgsel<\/p>\n<\/td>\n<td colspan=\"1\" rowspan=\"1\" data-th=\"Protokoll\" style=\"\">\n<p style=\"\">GATT-profil<\/p>\n<\/td>\n<td colspan=\"1\" rowspan=\"1\" data-th=\"Ideal f\u00fcr\" style=\"\">\n<p style=\"\">Mobilapps, lokale gateways<\/p>\n<\/td>\n<\/tr>\n<tr>\n<td data-th=\"Schnittstelle\" rowspan=\"1\" colspan=\"1\" style=\"\">\n<p style=\"\">CAN-bus<\/p>\n<\/td>\n<td colspan=\"1\" rowspan=\"1\" data-th=\"Einsatz\" style=\"\">\n<p style=\"\">K\u00f8ret\u00f8jsintegration<\/p>\n<\/td>\n<td colspan=\"1\" rowspan=\"1\" data-th=\"Protokoll\" style=\"\">\n<p style=\"\">J1939 \/ FMS<\/p>\n<\/td>\n<td colspan=\"1\" rowspan=\"1\" data-th=\"Ideal f\u00fcr\" style=\"\">\n<p style=\"\">OEM-integration. Telematikbokse<\/p>\n<\/td>\n<\/tr>\n<\/tbody>\n<\/table>\n<h3 data-loc=\"client\/src\/pages\/Flottenmanager.tsx:405\" style=\"\">Start dit integrationsprojekt<\/h3>\n<p data-loc=\"client\/src\/pages\/Integratoren.tsx:328\"><span style=\"font-size: 15px !important; --tcb-applied-color: var$(--tcb-skin-color-2) !important; color: var(--tcb-skin-color-2) !important;\">Tal direkte med vores l\u00f8sningsarkitekter. Vi hj\u00e6lper dig med at v\u00e6lge de rigtige gr\u00e6nseflader og hardware.<\/span><\/p>\n<p style=\"\">Direkte kontakt:<\/p>\n<p style=\"\">sales@tpm-systems.com<\/p>\n<p style=\"\">+49 (9099) 966 4966<\/p>","protected":false},"excerpt":{"rendered":"<p>Seit Juli 2024 hat jedes neue Flottenfahrzeug ein RDKS. Aber landen die Daten auch in Ihrer Plattform? Mit der UN ECE R141 sind Reifendruckdaten an jedem Neufahrzeug \u00fcber 3,5 t verf\u00fcgbar. Ihre Kunden erwarten diese Daten in ihrem Dashboard. TireMoni liefert API-f\u00e4hige Sensorik und White-Label-Integration, damit RDKS kein Sonderprojekt bleibt. REST API &amp; MQTT verf\u00fcgbar [&hellip;]<\/p>\n","protected":false},"author":45,"featured_media":0,"parent":0,"menu_order":0,"comment_status":"closed","ping_status":"closed","template":"","meta":{"inline_featured_image":false,"footnotes":""},"class_list":["post-29622","page","type-page","status-publish","hentry","post-wrapper","thrv_wrapper"],"_links":{"self":[{"href":"https:\/\/dev.tiremoni.com\/da\/wp-json\/wp\/v2\/pages\/29622","targetHints":{"allow":["GET"]}}],"collection":[{"href":"https:\/\/dev.tiremoni.com\/da\/wp-json\/wp\/v2\/pages"}],"about":[{"href":"https:\/\/dev.tiremoni.com\/da\/wp-json\/wp\/v2\/types\/page"}],"author":[{"embeddable":true,"href":"https:\/\/dev.tiremoni.com\/da\/wp-json\/wp\/v2\/users\/45"}],"replies":[{"embeddable":true,"href":"https:\/\/dev.tiremoni.com\/da\/wp-json\/wp\/v2\/comments?post=29622"}],"version-history":[{"count":25,"href":"https:\/\/dev.tiremoni.com\/da\/wp-json\/wp\/v2\/pages\/29622\/revisions"}],"predecessor-version":[{"id":29953,"href":"https:\/\/dev.tiremoni.com\/da\/wp-json\/wp\/v2\/pages\/29622\/revisions\/29953"}],"wp:attachment":[{"href":"https:\/\/dev.tiremoni.com\/da\/wp-json\/wp\/v2\/media?parent=29622"}],"curies":[{"name":"wp","href":"https:\/\/api.w.org\/{rel}","templated":true}]}}