{"id":29622,"date":"2026-02-15T05:07:43","date_gmt":"2026-02-15T03:07:43","guid":{"rendered":"https:\/\/dev.tiremoni.com\/?page_id=29622"},"modified":"2026-04-11T03:02:05","modified_gmt":"2026-04-11T01:02:05","slug":"integrateurs","status":"publish","type":"page","link":"https:\/\/dev.tiremoni.com\/fr\/integratoren\/","title":{"rendered":"int\u00e9grateurs"},"content":{"rendered":"<h1 data-loc=\"client\/src\/pages\/Integratoren.tsx:32\" style=\"color: var(--tcb-skin-color-2) !important; --tcb-applied-color: var$(--tcb-skin-color-2) !important; text-align: left;\">Depuis juillet 2024, tous les nouveaux v\u00e9hicules de flotte sont \u00e9quip\u00e9s d&#039;un syst\u00e8me de surveillance de la pression des pneus (TPMS). Mais les donn\u00e9es sont-elles \u00e9galement transf\u00e9r\u00e9es vers votre plateforme\u00a0?<\/h1>\n<p data-loc=\"client\/src\/pages\/Flottenmanager.tsx:49\" style=\"text-align: left;\">La norme UN ECE R141 exige la disponibilit\u00e9 des donn\u00e9es de pression des pneus pour tous les v\u00e9hicules neufs de plus de 3,5 tonnes. Vos clients s&#039;attendent \u00e0 trouver ces donn\u00e9es sur leur tableau de bord. TireMoni propose des capteurs compatibles API et une int\u00e9gration en marque blanche, garantissant ainsi que le TPMS ne reste pas un projet sp\u00e9cifique.<\/p>\n<\/p>\n<p style=\"\">API REST et MQTT disponibles<\/p>\n<p style=\"\">Preuve de concept en 5 jours<\/p>\n<p style=\"\">Kit de d\u00e9veloppement logiciel (SDK) avec exemple de code<\/p>\n<p style=\"\">Le support aux d\u00e9veloppeurs \u00e9tait inclus.<\/p>\n<p><span><img decoding=\"async\" alt=\"\" data-id=\"29588\" width=\"655\" data-init-width=\"1376\" height=\"365\" data-init-height=\"768\" title=\"image-g\u00e9n\u00e9r\u00e9e-1770436560161\" loading=\"lazy\" src=\"https:\/\/dev.tiremoni.com\/cms\/wp-content\/uploads\/2026\/02\/generated-image-1770436560161.png\" data-width=\"655\" data-height=\"365\" style=\"aspect-ratio: auto 1376 \/ 768;\"><\/span><\/p>\n<p style=\"\">Le d\u00e9fi :<\/p>\n<p style=\"\">Int\u00e9gration TPMS sans compromis<\/p>\n<h3 data-loc=\"client\/src\/pages\/Flottenmanager.tsx:128\" style=\"\">Documentation API manquante<\/h3>\n<p style=\"\"><span data-loc=\"client\/src\/pages\/Integratoren.tsx:116\" style=\"\">Nombre de fabricants ne fournissent pas de documentation d&#039;interface utilisable. Les d\u00e9veloppeurs sont laiss\u00e9s dans l&#039;ignorance.<\/span><\/p>\n<h3 data-loc=\"client\/src\/pages\/Flottenmanager.tsx:128\" style=\"\">Protocoles propri\u00e9taires<\/h3>\n<p style=\"\"><span data-loc=\"client\/src\/pages\/Integratoren.tsx:123\">Les syst\u00e8mes ferm\u00e9s ne peuvent \u00eatre int\u00e9gr\u00e9s. Ils ne peuvent pas r\u00e9pondre aux attentes des clients.<\/span><\/p>\n<h3 data-loc=\"client\/src\/pages\/Flottenmanager.tsx:128\" style=\"\">Manque de soutien des d\u00e9veloppeurs<\/h3>\n<p data-loc=\"client\/src\/pages\/Flottenmanager.tsx:129\" style=\"\">Aucun interlocuteur technique. Les courriels restent sans r\u00e9ponse et les questions techniques sont redirig\u00e9es vers le service commercial.<\/p>\n<h3 data-loc=\"client\/src\/pages\/Flottenmanager.tsx:128\" style=\"\">Probl\u00e8mes de mise \u00e0 l&#039;\u00e9chelle<\/h3>\n<p data-loc=\"client\/src\/pages\/Flottenmanager.tsx:129\" style=\"\">Cela fonctionne en laboratoire avec deux v\u00e9hicules, mais qu&#039;en est-il avec plus de 500 ? Personne ne garantit l&#039;architecture.<\/p>\n<p><!--! Font Awesome Free 6.7.1 by @fontawesome - https:\/\/fontawesome.com License - https:\/\/fontawesome.com\/license\/free (Icons: CC BY 4.0, Fonts: SIL OFL 1.1, Code: MIT License) Copyright 2024 Fonticons, Inc. --><\/p>\n<p style=\"\">Notre solution :<\/p>\n<p style=\"\">Flexible <span style=\"font-size: 21px !important;\">int\u00e9gration <\/span>selon les besoins<\/p>\n<p><!--! Font Awesome Free 6.7.1 by @fontawesome - https:\/\/fontawesome.com License - https:\/\/fontawesome.com\/license\/free (Icons: CC BY 4.0, Fonts: SIL OFL 1.1, Code: MIT License) Copyright 2024 Fonticons, Inc. --><\/p>\n<h3 data-loc=\"client\/src\/pages\/Flottenmanager.tsx:128\" style=\"color: var(--tcb-skin-color-2) !important; --tcb-applied-color: var$(--tcb-skin-color-2) !important;\">API document\u00e9es<\/h3>\n<p data-loc=\"client\/src\/pages\/Flottenmanager.tsx:129\" style=\"\">Interfaces REST\/MQTT pour les donn\u00e9es en temps r\u00e9el. Documentation compl\u00e8te avec exemple de requ\u00eate.<\/p>\n<h3 data-loc=\"client\/src\/pages\/Flottenmanager.tsx:128\" style=\"color: var(--tcb-skin-color-2) !important; --tcb-applied-color: var$(--tcb-skin-color-2) !important;\">Ind\u00e9pendant de la plateforme<\/h3>\n<p data-loc=\"client\/src\/pages\/Flottenmanager.tsx:129\">Int\u00e9gration \u00e0 toute plateforme t\u00e9l\u00e9matique ou IoT. BLE, bus CAN, RS-232, REST, MQTT.<\/p>\n<h3 data-loc=\"client\/src\/pages\/Flottenmanager.tsx:128\">Capacit\u00e9 de marque blanche<\/h3>\n<p data-loc=\"client\/src\/pages\/Flottenmanager.tsx:129\" style=\"\">Capteurs et logiciels sous votre marque. Aucune marque TireMoni visible pour vos clients.<\/p>\n<h3 data-loc=\"client\/src\/pages\/Flottenmanager.tsx:128\">Assistance technique<\/h3>\n<p data-loc=\"client\/src\/pages\/Flottenmanager.tsx:129\" style=\"\">Ligne directe avec l&#039;\u00e9quipe de d\u00e9veloppement. R\u00e9ponse sous 4 heures.<\/p>\n<p><!--! Font Awesome Free 6.7.1 by @fontawesome - https:\/\/fontawesome.com License - https:\/\/fontawesome.com\/license\/free (Icons: CC BY 4.0, Fonts: SIL OFL 1.1, Code: MIT License) Copyright 2024 Fonticons, Inc. --><\/p>\n<p style=\"\">Notre solution :<\/p>\n<p style=\"\">Flexible <span style=\"font-size: 21px !important;\">int\u00e9gration <\/span>selon les besoins<\/p>\n<p><!--! Font Awesome Free 6.7.1 by @fontawesome - https:\/\/fontawesome.com License - https:\/\/fontawesome.com\/license\/free (Icons: CC BY 4.0, Fonts: SIL OFL 1.1, Code: MIT License) Copyright 2024 Fonticons, Inc. --><\/p>\n<h3 data-loc=\"client\/src\/pages\/Flottenmanager.tsx:128\" style=\"color: var(--tcb-skin-color-2) !important; --tcb-applied-color: var$(--tcb-skin-color-2) !important;\">API document\u00e9es<\/h3>\n<p data-loc=\"client\/src\/pages\/Flottenmanager.tsx:129\" style=\"\">Interfaces REST\/MQTT pour les donn\u00e9es en temps r\u00e9el. Documentation compl\u00e8te avec exemple de requ\u00eate.<\/p>\n<h3 data-loc=\"client\/src\/pages\/Flottenmanager.tsx:128\" style=\"color: var(--tcb-skin-color-2) !important; --tcb-applied-color: var$(--tcb-skin-color-2) !important;\">Ind\u00e9pendant de la plateforme<\/h3>\n<p data-loc=\"client\/src\/pages\/Flottenmanager.tsx:129\">Int\u00e9gration \u00e0 toute plateforme t\u00e9l\u00e9matique ou IoT. BLE, bus CAN, RS-232, REST, MQTT.<\/p>\n<h3 data-loc=\"client\/src\/pages\/Flottenmanager.tsx:128\">Capacit\u00e9 de marque blanche<\/h3>\n<p data-loc=\"client\/src\/pages\/Flottenmanager.tsx:129\" style=\"\">Capteurs et logiciels sous votre marque. Aucune marque TireMoni visible pour vos clients.<\/p>\n<h3 data-loc=\"client\/src\/pages\/Flottenmanager.tsx:128\">Assistance technique<\/h3>\n<p data-loc=\"client\/src\/pages\/Flottenmanager.tsx:129\" style=\"\">Ligne directe avec l&#039;\u00e9quipe de d\u00e9veloppement. R\u00e9ponse sous 4 heures.<\/p>\n<h2 data-loc=\"client\/src\/pages\/Integratoren.tsx:192\" style=\"text-align: center; color: var(--tcb-skin-color-2) !important; --tcb-applied-color: var$(--tcb-skin-color-2) !important;\">Comment TireMoni s&#039;int\u00e8gre \u00e0 votre plateforme<\/h2>\n<p data-loc=\"client\/src\/pages\/Integratoren.tsx:193\" style=\"text-align: center;\">Qu&#039;il s&#039;agisse d&#039;un tableau de bord t\u00e9l\u00e9matique, d&#039;un logiciel de gestion de flotte ou d&#039;une passerelle IoT \u2014<\/p>\n<p data-loc=\"client\/src\/pages\/Integratoren.tsx:193\" style=\"text-align: center;\">TireMoni s&#039;int\u00e8gre parfaitement.<\/p>\n<p style=\"text-align: center;\"><\/p>\n<h3 data-loc=\"client\/src\/pages\/Wohnmobil.tsx:62\" style=\"color: var(--tcb-skin-color-2) !important; --tcb-applied-color: var$(--tcb-skin-color-2) !important;\">Plateforme t\u00e9l\u00e9matique<\/h3>\n<p data-loc=\"client\/src\/pages\/Wohnmobil.tsx:63\" style=\"\">Affichage en temps r\u00e9el des donn\u00e9es TPMS, GPS, temp\u00e9rature et OBD sur le tableau de bord.<\/p>\n<p style=\"\"><strong data-loc=\"client\/src\/pages\/Integratoren.tsx:209\">Technologie:<\/strong> Passerelle BLE vers le cloud via MQTT<\/p>\n<h3 data-loc=\"client\/src\/pages\/Wohnmobil.tsx:62\" style=\"color: var(--tcb-skin-color-2) !important; --tcb-applied-color: var$(--tcb-skin-color-2) !important;\">Solution en marque blanche<\/h3>\n<p data-loc=\"client\/src\/pages\/Wohnmobil.tsx:63\" style=\"\">Votre offre comprend l&#039;ensemble du mat\u00e9riel et des logiciels. Vos clients ne voient que votre marque.<\/p>\n<p style=\"\"><strong data-loc=\"client\/src\/pages\/Integratoren.tsx:209\">Technologie:<\/strong>&nbsp;Interface utilisateur et capteurs personnalis\u00e9s<\/p>\n<h3 data-loc=\"client\/src\/pages\/Wohnmobil.tsx:62\" style=\"color: var(--tcb-skin-color-2) !important; --tcb-applied-color: var$(--tcb-skin-color-2) !important;\">Gestion de flotte<\/h3>\n<p data-loc=\"client\/src\/pages\/Integratoren.tsx:219\" style=\"\">Alertes de pression des pneus int\u00e9gr\u00e9es \u00e0 la planification de la maintenance. Tickets automatiques \u00e9mis lorsque des valeurs critiques sont atteintes.<\/p>\n<p style=\"\"><strong data-loc=\"client\/src\/pages\/Integratoren.tsx:209\">Technologie:<\/strong> L&#039;API REST fournit des donn\u00e9es d&#039;impression<\/p>\n<p><!--! Font Awesome Free 6.7.1 by @fontawesome - https:\/\/fontawesome.com License - https:\/\/fontawesome.com\/license\/free (Icons: CC BY 4.0, Fonts: SIL OFL 1.1, Code: MIT License) Copyright 2024 Fonticons, Inc. --><\/p>\n<h3 data-loc=\"client\/src\/pages\/Wohnmobil.tsx:62\" style=\"color: var(--tcb-skin-color-2) !important; --tcb-applied-color: var$(--tcb-skin-color-2) !important;\">Passerelle IoT<\/h3>\n<p data-loc=\"client\/src\/pages\/Integratoren.tsx:261\" style=\"\">Transmission des donn\u00e9es des capteurs via votre passerelle existante. TPMS comme flux de donn\u00e9es suppl\u00e9mentaire.<\/p>\n<p style=\"\"><strong data-loc=\"client\/src\/pages\/Integratoren.tsx:209\">Technologie:<\/strong>&nbsp;BLE -&gt; Passerelle .&gt; Cloud<\/p>\n<h3 data-loc=\"client\/src\/pages\/Wohnmobil.tsx:62\" style=\"color: var(--tcb-skin-color-2) !important; --tcb-applied-color: var$(--tcb-skin-color-2) !important;\">Int\u00e9gration ER\u00dc\/TMS<\/h3>\n<p data-loc=\"client\/src\/pages\/Integratoren.tsx:233\" style=\"\">Les contr\u00f4les avant d\u00e9part sont automatis\u00e9s. La documentation destin\u00e9e aux compagnies d&#039;assurance est g\u00e9n\u00e9r\u00e9e directement dans le TMS.<\/p>\n<p style=\"\"><strong data-loc=\"client\/src\/pages\/Integratoren.tsx:209\">Technologie:<\/strong> Int\u00e9gration de l&#039;API avant le d\u00e9but de la tourn\u00e9e<\/p>\n<h2 data-loc=\"client\/src\/pages\/Integratoren.tsx:276\" style=\"text-align: center; color: var(--tcb-skin-color-0) !important; --tcb-applied-color: var$(--tcb-skin-color-0) !important;\">Interfaces disponibles \u2014 \u00e0 vous de choisir<\/h2>\n<p data-loc=\"client\/src\/pages\/Integratoren.tsx:277\" style=\"text-align: center;\">TireMoni parle votre langage. Choisissez l&#039;interface qui correspond \u00e0 votre architecture.<\/p>\n<table data-rows=\"5\" data-cols=\"4\" style=\"\">\n<thead>\n<tr>\n<th data-direction=\"down\" style=\"\">\n<p style=\"\"><strong>interface<\/strong><\/p>\n<\/th>\n<th colspan=\"1\" rowspan=\"1\" data-direction=\"\" style=\"\">\n<p style=\"\"><strong>Mission<\/strong><\/p>\n<\/th>\n<th colspan=\"1\" rowspan=\"1\" data-direction=\"\" style=\"\">\n<p style=\"\"><strong>protocole<\/strong><\/p>\n<\/th>\n<th colspan=\"1\" rowspan=\"1\" data-direction=\"\" style=\"\">\n<p style=\"\">Id\u00e9al pour<\/p>\n<\/th>\n<\/tr>\n<\/thead>\n<tbody>\n<tr>\n<td data-th=\"Schnittstelle\" style=\"\">\n<p style=\"\">API REST<\/p>\n<\/td>\n<td colspan=\"1\" rowspan=\"1\" data-th=\"Einsatz\" style=\"\">\n<p style=\"\">Int\u00e9gration cloud, tableaux de bord<\/p>\n<\/td>\n<td colspan=\"1\" rowspan=\"1\" data-th=\"Protokoll\" style=\"\">\n<p style=\"\">HTTP\/JSON<\/p>\n<\/td>\n<td colspan=\"1\" rowspan=\"1\" data-th=\"Ideal f\u00fcr\" style=\"\">\n<p style=\"\">Plateformes web, SaaS<\/p>\n<\/td>\n<\/tr>\n<tr>\n<td data-th=\"Schnittstelle\" rowspan=\"1\" colspan=\"1\" style=\"\">\n<p style=\"\">MQTT<\/p>\n<\/td>\n<td colspan=\"1\" rowspan=\"1\" data-th=\"Einsatz\" style=\"\">\n<p style=\"\">Diffusion en temps r\u00e9el, IoT<\/p>\n<\/td>\n<td colspan=\"1\" rowspan=\"1\" data-th=\"Protokoll\" style=\"\">\n<p style=\"\">Pub\/Sub<\/p>\n<\/td>\n<td colspan=\"1\" rowspan=\"1\" data-th=\"Ideal f\u00fcr\" style=\"\">\n<p style=\"\">Architecture \u00e9v\u00e9nementielle<\/p>\n<\/td>\n<\/tr>\n<tr>\n<td data-th=\"Schnittstelle\" rowspan=\"1\" colspan=\"1\" style=\"\"><!--! Font Awesome Free 6.7.1 by @fontawesome - https:\/\/fontawesome.com License - https:\/\/fontawesome.com\/license\/free (Icons: CC BY 4.0, Fonts: SIL OFL 1.1, Code: MIT License) Copyright 2024 Fonticons, Inc. --><\/p>\n<p style=\"\">Bluetooth LE<\/p>\n<\/td>\n<td colspan=\"1\" rowspan=\"1\" data-th=\"Einsatz\" style=\"\">\n<p style=\"\">Requ\u00eate directe du capteur<\/p>\n<\/td>\n<td colspan=\"1\" rowspan=\"1\" data-th=\"Protokoll\" style=\"\">\n<p style=\"\">Profil GATT<\/p>\n<\/td>\n<td colspan=\"1\" rowspan=\"1\" data-th=\"Ideal f\u00fcr\" style=\"\">\n<p style=\"\">Applications mobiles, passerelles locales<\/p>\n<\/td>\n<\/tr>\n<tr>\n<td data-th=\"Schnittstelle\" rowspan=\"1\" colspan=\"1\" style=\"\">\n<p style=\"\">Bus CAN<\/p>\n<\/td>\n<td colspan=\"1\" rowspan=\"1\" data-th=\"Einsatz\" style=\"\">\n<p style=\"\">Int\u00e9gration du v\u00e9hicule<\/p>\n<\/td>\n<td colspan=\"1\" rowspan=\"1\" data-th=\"Protokoll\" style=\"\">\n<p style=\"\">J1939 \/ FMS<\/p>\n<\/td>\n<td colspan=\"1\" rowspan=\"1\" data-th=\"Ideal f\u00fcr\" style=\"\">\n<p style=\"\">Int\u00e9gration OEM. Bo\u00eetiers t\u00e9l\u00e9matiques<\/p>\n<\/td>\n<\/tr>\n<\/tbody>\n<\/table>\n<h3 data-loc=\"client\/src\/pages\/Flottenmanager.tsx:405\" style=\"\">D\u00e9marrez votre projet d&#039;int\u00e9gration<\/h3>\n<p data-loc=\"client\/src\/pages\/Integratoren.tsx:328\"><span style=\"font-size: 15px !important; --tcb-applied-color: var$(--tcb-skin-color-2) !important; color: var(--tcb-skin-color-2) !important;\">Contactez directement nos architectes de solutions. Nous vous aiderons \u00e0 choisir les interfaces et le mat\u00e9riel adapt\u00e9s.<\/span><\/p>\n<p style=\"\">Contact direct :<\/p>\n<p style=\"\">sales@tpm-systems.com<\/p>\n<p style=\"\">+49 (9099) 966 4966<\/p>","protected":false},"excerpt":{"rendered":"<p>Seit Juli 2024 hat jedes neue Flottenfahrzeug ein RDKS. Aber landen die Daten auch in Ihrer Plattform? Mit der UN ECE R141 sind Reifendruckdaten an jedem Neufahrzeug \u00fcber 3,5 t verf\u00fcgbar. Ihre Kunden erwarten diese Daten in ihrem Dashboard. TireMoni liefert API-f\u00e4hige Sensorik und White-Label-Integration, damit RDKS kein Sonderprojekt bleibt. REST API &amp; MQTT verf\u00fcgbar [&hellip;]<\/p>\n","protected":false},"author":45,"featured_media":0,"parent":0,"menu_order":0,"comment_status":"closed","ping_status":"closed","template":"","meta":{"inline_featured_image":false,"footnotes":""},"class_list":["post-29622","page","type-page","status-publish","hentry","post-wrapper","thrv_wrapper"],"_links":{"self":[{"href":"https:\/\/dev.tiremoni.com\/fr\/wp-json\/wp\/v2\/pages\/29622","targetHints":{"allow":["GET"]}}],"collection":[{"href":"https:\/\/dev.tiremoni.com\/fr\/wp-json\/wp\/v2\/pages"}],"about":[{"href":"https:\/\/dev.tiremoni.com\/fr\/wp-json\/wp\/v2\/types\/page"}],"author":[{"embeddable":true,"href":"https:\/\/dev.tiremoni.com\/fr\/wp-json\/wp\/v2\/users\/45"}],"replies":[{"embeddable":true,"href":"https:\/\/dev.tiremoni.com\/fr\/wp-json\/wp\/v2\/comments?post=29622"}],"version-history":[{"count":25,"href":"https:\/\/dev.tiremoni.com\/fr\/wp-json\/wp\/v2\/pages\/29622\/revisions"}],"predecessor-version":[{"id":29953,"href":"https:\/\/dev.tiremoni.com\/fr\/wp-json\/wp\/v2\/pages\/29622\/revisions\/29953"}],"wp:attachment":[{"href":"https:\/\/dev.tiremoni.com\/fr\/wp-json\/wp\/v2\/media?parent=29622"}],"curies":[{"name":"wp","href":"https:\/\/api.w.org\/{rel}","templated":true}]}}