{"id":29661,"date":"2026-02-22T11:19:17","date_gmt":"2026-02-22T09:19:17","guid":{"rendered":"https:\/\/dev.tiremoni.com\/?page_id=29661"},"modified":"2026-03-20T05:36:02","modified_gmt":"2026-03-20T03:36:02","slug":"fabricantes-de-veiculos","status":"publish","type":"page","link":"https:\/\/dev.tiremoni.com\/pt\/fahrzeugbauer\/","title":{"rendered":"fabricante de ve\u00edculos"},"content":{"rendered":"<h1 data-loc=\"client\/src\/pages\/Fahrzeugbauer.tsx:51\" style=\"color: var(--tcb-skin-color-2) !important; --tcb-applied-color: var$(--tcb-skin-color-2) !important;\">A partir de julho de 2024, nenhum ve\u00edculo novo poder\u00e1 ser registrado sem um sistema de monitoramento da press\u00e3o dos pneus (TPMS). Voc\u00ea est\u00e1 preparado?<\/h1>\n<p data-loc=\"client\/src\/pages\/Flottenmanager.tsx:49\" style=\"\">A norma UN ECE R141 exige o monitoramento da press\u00e3o dos pneus em todos os ve\u00edculos novos com mais de 3,5 toneladas \u2014 caminh\u00f5es, \u00f4nibus, reboques e ve\u00edculos especiais. Como fabricante de carrocerias, voc\u00ea precisa de um sistema TPMS que se integre perfeitamente ao seu processo de produ\u00e7\u00e3o e n\u00e3o atrase a homologa\u00e7\u00e3o. A TireMoni fornece sensores plug-and-play com documenta\u00e7\u00e3o completa.<\/p>\n<p><\/p>\n<p style=\"\">Certificado em conformidade com a norma ECE R141<\/p>\n<p style=\"\">Documenta\u00e7\u00e3o completa de homologa\u00e7\u00e3o de tipo<\/p>\n<p style=\"\">Instala\u00e7\u00e3o em menos de 30 minutos.<\/p>\n<p style=\"\">Feito na Alemanha<\/p>\n<p><span style=\"\"><img decoding=\"async\" alt=\"\" data-id=\"29683\" width=\"655\" data-init-width=\"468\" height=\"813\" data-init-height=\"581\" title=\"Captura de tela 2026-02-22 060930\" loading=\"lazy\" src=\"https:\/\/dev.tiremoni.com\/cms\/wp-content\/uploads\/2026\/02\/Screenshot-2026-02-22-060930.png\" data-width=\"655\" data-height=\"813\" style=\"aspect-ratio: auto 468 \/ 581;\" mt-d=\"-108\" ml-d=\"0\" center-v-d=\"false\"><\/span><\/p>\n<p style=\"color: var(--tcb-color-3) !important; --tcb-applied-color: var$(--tcb-color-3) !important;\">Certifica\u00e7\u00e3o<\/p>\n<p style=\"\">Em conformidade com a norma 100%<\/p>\n<p style=\"\">Todos os sistemas atendem aos requisitos da norma UN ECE R141 para fabricantes de equipamentos originais.<\/p>\n<h3 data-loc=\"client\/src\/pages\/Fahrzeugbauer.tsx:127\">Conformidade com a norma ECE R141 sem atrasos.<\/h3>\n<p data-loc=\"client\/src\/pages\/Flottenmanager.tsx:118\" style=\"\">Os fabricantes de carrocerias conhecem bem o problema: o ve\u00edculo base est\u00e1 pronto, a carroceria est\u00e1 constru\u00edda \u2014 mas a homologa\u00e7\u00e3o falha devido ao TPMS (Sistema de Monitoramento da Press\u00e3o dos Pneus). Ou o sistema est\u00e1 ausente, ou \u00e9 incompat\u00edvel com a carroceria, ou a documenta\u00e7\u00e3o \u00e9 insuficiente para a autoridade de inspe\u00e7\u00e3o.<\/p>\n<h3 data-loc=\"client\/src\/pages\/Flottenmanager.tsx:128\" style=\"\"><strong data-loc=\"client\/src\/pages\/Fahrzeugbauer.tsx:139\">press\u00e3o regulat\u00f3ria<\/strong><\/h3>\n<p data-loc=\"client\/src\/pages\/Flottenmanager.tsx:129\" style=\"\">Sem um TPMS compat\u00edvel com a norma ECE R141, a homologa\u00e7\u00e3o para novos registros n\u00e3o ser\u00e1 concedida a partir de julho de 2024.<\/p>\n<h3 data-loc=\"client\/src\/pages\/Flottenmanager.tsx:128\" style=\"\"><strong data-loc=\"client\/src\/pages\/Fahrzeugbauer.tsx:146\">\u00d4nus da documenta\u00e7\u00e3o<\/strong><\/h3>\n<p style=\"\"><span data-loc=\"client\/src\/pages\/Fahrzeugbauer.tsx:145\">A homologa\u00e7\u00e3o exige documenta\u00e7\u00e3o completa. A T\u00dcV e a DEKRA exigem documenta\u00e7\u00e3o completa.<\/span><\/p>\n<h3 data-loc=\"client\/src\/pages\/Flottenmanager.tsx:128\" style=\"\"><strong data-loc=\"client\/src\/pages\/Fahrzeugbauer.tsx:153\">Complexidade de instala\u00e7\u00e3o<\/strong><\/h3>\n<p style=\"\"><span data-loc=\"client\/src\/pages\/Fahrzeugbauer.tsx:152\">Ve\u00edculos especiais n\u00e3o possuem locais de instala\u00e7\u00e3o padronizados. Grandes fornecedores frequentemente rejeitam pequenos lotes de produ\u00e7\u00e3o.<\/span><\/p>\n<h3 data-loc=\"client\/src\/pages\/Flottenmanager.tsx:128\" style=\"\"><strong data-loc=\"client\/src\/pages\/Fahrzeugbauer.tsx:160\">Interrup\u00e7\u00e3o da produ\u00e7\u00e3o<\/strong><\/h3>\n<p style=\"\"><span data-loc=\"client\/src\/pages\/Fahrzeugbauer.tsx:159\">Sua equipe de montagem precisa de um sistema que possa ser instalado sem ferramentas especiais.<\/span><\/p>\n<h3 data-loc=\"client\/src\/pages\/Fahrzeugbauer.tsx:178\" style=\"\">Testado e aprovado, certificado, pronto para uso imediato.<\/h3>\n<p data-loc=\"client\/src\/pages\/Flottenmanager.tsx:118\" style=\"color: var(--tcb-skin-color-2) !important; --tcb-applied-color: var$(--tcb-skin-color-2) !important;\">A TireMoni oferece um sistema completo de monitoramento da press\u00e3o dos pneus que voc\u00ea pode instalar diretamente em seus ve\u00edculos. Compat\u00edvel com a norma ECE R141, confi\u00e1vel e com documenta\u00e7\u00e3o completa.<\/p>\n<h4 data-loc=\"client\/src\/pages\/Fahrzeugbauer.tsx:214\" style=\"\">Plug and Play<\/h4>\n<p data-loc=\"client\/src\/pages\/Fahrzeugbauer.tsx:215\" style=\"\">Montagem em menos de 30 minutos, sem ferramentas especiais.<\/p>\n<h4 data-loc=\"client\/src\/pages\/Fahrzeugbauer.tsx:214\" style=\"\">Homologa\u00e7\u00e3o de tipo<\/h4>\n<p data-loc=\"client\/src\/pages\/Fahrzeugbauer.tsx:215\" style=\"\">Documenta\u00e7\u00e3o completa para T\u00dcV\/DEKRA.<\/p>\n<h4 data-loc=\"client\/src\/pages\/Fahrzeugbauer.tsx:214\" style=\"\">Confi\u00e1vel<\/h4>\n<p data-loc=\"client\/src\/pages\/Fahrzeugbauer.tsx:215\" style=\"\">Sem volume m\u00ednimo de encomenda, entrega garantida.<\/p>\n<h4 data-loc=\"client\/src\/pages\/Fahrzeugbauer.tsx:214\">Em conformidade com a norma ECE R141.<\/h4>\n<p data-loc=\"client\/src\/pages\/Fahrzeugbauer.tsx:215\">Aviso de perda de press\u00e3o \u226520% em 10 minutos.<\/p>\n<h4 data-loc=\"client\/src\/pages\/Fahrzeugbauer.tsx:214\" style=\"\">Escal\u00e1vel<\/h4>\n<p data-loc=\"client\/src\/pages\/Fahrzeugbauer.tsx:215\" style=\"\">De 2 eixos a 5 eixos, de 4 a 36 sensores.<\/p>\n<h4 data-loc=\"client\/src\/pages\/Fahrzeugbauer.tsx:214\" style=\"\">Pessoal<\/h4>\n<p data-loc=\"client\/src\/pages\/Fahrzeugbauer.tsx:215\" style=\"\">Suporte direto do fabricante alem\u00e3o.<\/p>\n<h2 data-loc=\"client\/src\/pages\/Fahrzeugbauer.tsx:229\" style=\"text-align: center;\">Comprovado em todas as categorias de ve\u00edculos especiais.<\/h2>\n<p data-loc=\"client\/src\/pages\/Fahrzeugbauer.tsx:230\" style=\"text-align: center;\">O TireMoni j\u00e1 est\u00e1 em uso em milhares de ve\u00edculos especializados \u2014 desde servi\u00e7os de resgate at\u00e9 ve\u00edculos militares.<\/p>\n<p style=\"text-align: center;\">\n<h3 data-loc=\"client\/src\/pages\/Wohnmobil.tsx:62\" style=\"color: var(--tcb-skin-color-2) !important; --tcb-applied-color: var$(--tcb-skin-color-2) !important;\">Servi\u00e7os de emerg\u00eancia<\/h3>\n<p style=\"color: var(--tcb-skin-color-10) !important; --tcb-applied-color: var$(--tcb-skin-color-10) !important;\">RTW, KTW, NEF<\/p>\n<p data-loc=\"client\/src\/pages\/Fahrzeugbauer.tsx:280\" style=\"\">M\u00e1xima confiabilidade para ve\u00edculos de emerg\u00eancia. Monitoramento cont\u00ednuo, mesmo com pneus duplos. Instala\u00e7\u00e3o r\u00e1pida, sem atrasos na entrega.<\/p>\n<h3 data-loc=\"client\/src\/pages\/Wohnmobil.tsx:62\" style=\"color: var(--tcb-skin-color-2) !important; --tcb-applied-color: var$(--tcb-skin-color-2) !important;\">ve\u00edculos municipais<\/h3>\n<p style=\"color: var(--tcb-skin-color-10) !important; --tcb-applied-color: var$(--tcb-skin-color-10) !important;\">Varredoras, caminh\u00f5es de lixo, servi\u00e7os de inverno<\/p>\n<p data-loc=\"client\/src\/pages\/Fahrzeugbauer.tsx:280\" style=\"\">As opera\u00e7\u00f5es di\u00e1rias da cidade exigem sistemas robustos. Reduzir o tempo de inatividade por meio de alertas antecipados.<\/p>\n<h3 data-loc=\"client\/src\/pages\/Wohnmobil.tsx:62\" style=\"color: var(--tcb-skin-color-2) !important; --tcb-applied-color: var$(--tcb-skin-color-2) !important;\">Corpo de bombeiros<\/h3>\n<p style=\"color: var(--tcb-skin-color-10) !important; --tcb-applied-color: var$(--tcb-skin-color-10) !important;\">HLF, TLF, DLK<\/p>\n<p data-loc=\"client\/src\/pages\/Fahrzeugbauer.tsx:280\" style=\"\">Sistemas robustos para ve\u00edculos de emerg\u00eancia de grande porte. Comprovados em condi\u00e7\u00f5es extremas e cargas elevadas por eixo.<\/p>\n<p>   <!--! Font Awesome Free 6.7.1 by @fontawesome - https:\/\/fontawesome.com License - https:\/\/fontawesome.com\/license\/free (Icons: CC BY 4.0, Fonts: SIL OFL 1.1, Code: MIT License) Copyright 2024 Fonticons, Inc. --><\/p>\n<h3 data-loc=\"client\/src\/pages\/Wohnmobil.tsx:62\" style=\"color: var(--tcb-skin-color-2) !important; --tcb-applied-color: var$(--tcb-skin-color-2) !important;\">Militar e Defesa<\/h3>\n<p style=\"color: var(--tcb-skin-color-10) !important; --tcb-applied-color: var$(--tcb-skin-color-10) !important;\">Ve\u00edculos de transporte, caminh\u00f5es de acampamento de campanha, ve\u00edculos blindados.<\/p>\n<p data-loc=\"client\/src\/pages\/Fahrzeugbauer.tsx:280\" style=\"\">Requisitos de seguran\u00e7a rigorosos, condi\u00e7\u00f5es operacionais extremas. Comprovado em uso militar.<\/p>\n<h3 data-loc=\"client\/src\/pages\/Wohnmobil.tsx:62\" style=\"color: var(--tcb-skin-color-2) !important; --tcb-applied-color: var$(--tcb-skin-color-2) !important;\">pol\u00edcia<\/h3>\n<p style=\"color: var(--tcb-skin-color-10) !important; --tcb-applied-color: var$(--tcb-skin-color-10) !important;\">Ve\u00edculos de emerg\u00eancia, ve\u00edculos de transporte de prisioneiros<\/p>\n<p data-loc=\"client\/src\/pages\/Fahrzeugbauer.tsx:280\" style=\"\">Monitoramento confi\u00e1vel para ve\u00edculos blindados e ve\u00edculos especiais modificados. Instala\u00e7\u00e3o discreta poss\u00edvel.<\/p>\n<h3 data-loc=\"client\/src\/pages\/Wohnmobil.tsx:62\" style=\"color: var(--tcb-skin-color-2) !important; --tcb-applied-color: var$(--tcb-skin-color-2) !important;\">Gest\u00e3o e log\u00edstica de res\u00edduos<\/h3>\n<p style=\"color: var(--tcb-skin-color-10) !important; --tcb-applied-color: var$(--tcb-skin-color-10) !important;\">Caminh\u00f5es basculantes, ve\u00edculos de transporte pesado, caminh\u00f5es de v\u00e1cuo<\/p>\n<p data-loc=\"client\/src\/pages\/Fahrzeugbauer.tsx:280\" style=\"\">Solu\u00e7\u00e3o robusta para ve\u00edculos comerciais pesados com carrocerias e reboques intercambi\u00e1veis.<\/p>\n<h2 data-loc=\"client\/src\/pages\/Fahrzeugbauer.tsx:293\" style=\"text-align: center; color: var(--tcb-skin-color-0) !important; --tcb-applied-color: var$(--tcb-skin-color-0) !important;\">Um sistema para todos os seus tipos de ve\u00edculos.<\/h2>\n<p data-loc=\"client\/src\/pages\/Fahrzeugbauer.tsx:294\" style=\"text-align: center;\">Seja um caminh\u00e3o de bombeiros, um ve\u00edculo municipal ou um reboque especial, a TireMoni se adapta \u00e0s suas necessidades.&nbsp;<\/p>\n<p data-loc=\"client\/src\/pages\/Fahrzeugbauer.tsx:294\" style=\"text-align: center;\">Requisitos: Modular, robusto e projetado para condi\u00e7\u00f5es adversas.<\/p>\n<\/p>\n<h3 data-loc=\"client\/src\/pages\/Fahrzeugbauer.tsx:337\" style=\"\">Conformidade com a norma ECE R141 inclu\u00edda<\/h3>\n<p data-loc=\"client\/src\/pages\/Fahrzeugbauer.tsx:280\" style=\"\">Todos os sistemas TireMoni atendem aos requisitos legais para ve\u00edculos comerciais e reboques. Aviso de perda de press\u00e3o \u226520%, tempo de resposta inferior a 10 minutos, documenta\u00e7\u00e3o completa para homologa\u00e7\u00e3o \u2014 tudo inclu\u00eddo. Pareceres t\u00e9cnicos e relat\u00f3rios de testes da T\u00dcV\/DEKRA tamb\u00e9m est\u00e3o inclusos.<\/p>\n<h3 data-loc=\"client\/src\/pages\/Fahrzeugbauer.tsx:337\" style=\"\">Robusto e \u00e0 prova de roubo.<\/h3>\n<p data-loc=\"client\/src\/pages\/Fahrzeugbauer.tsx:339\" style=\"\">Projetado para uso intenso em condi\u00e7\u00f5es extremas. \u00c0 prova d&#039;\u00e1gua, resistente a impactos e com prote\u00e7\u00e3o antifurto. Sensores com baterias substitu\u00edveis para baixos custos de manuten\u00e7\u00e3o durante toda a vida \u00fatil do ve\u00edculo. Comprovado em uso off-road e temperaturas extremas.<\/p>\n<h3 data-loc=\"client\/src\/pages\/Fahrzeugbauer.tsx:337\" style=\"\">Einfache Installation &#8211; keine Werkstatt n\u00f6tig<\/h3>\n<p data-loc=\"client\/src\/pages\/Fahrzeugbauer.tsx:339\" style=\"\">Monte os sensores nas v\u00e1lvulas, instale o visor na cabine \u2014 pronto. Sem fia\u00e7\u00e3o complexa, sem calibra\u00e7\u00f5es demoradas, sem remo\u00e7\u00e3o de pneus. Instala\u00e7\u00e3o em menos de 30 minutos. Sua equipe de instala\u00e7\u00e3o pode come\u00e7ar imediatamente ap\u00f3s um breve treinamento \u2014 sem a necessidade de ferramentas especiais.<\/p>\n<h3 data-loc=\"client\/src\/pages\/Fahrzeugbauer.tsx:337\" style=\"\">Compatibilidade com reboque<\/h3>\n<p data-loc=\"client\/src\/pages\/Fahrzeugbauer.tsx:339\" style=\"\">Detec\u00e7\u00e3o autom\u00e1tica de reboques e semirreboques. Tecnologia Smart Booster para aplica\u00e7\u00f5es de engate e desengate. Ideal para caminh\u00f5es com reboques intercambi\u00e1veis \u2014 sem necessidade de reconfigura\u00e7\u00e3o manual. Atende aos requisitos da norma ECE R141 para reboques O3\/O4.<\/p>\n<h3 data-loc=\"client\/src\/pages\/Fahrzeugbauer.tsx:337\" style=\"\">Escal\u00e1vel modularmente: de 4 a 36 sensores.<\/h3>\n<p data-loc=\"client\/src\/pages\/Fahrzeugbauer.tsx:339\" style=\"\">De caminh\u00f5es tratores a semirreboques com m\u00faltiplos eixos, nosso sistema cresce com voc\u00ea. Configure o n\u00famero de sensores de acordo com o tipo de ve\u00edculo. Um \u00fanico sistema para toda a sua linha de produtos, de ve\u00edculos de 2 a 5 eixos.<\/p>\n<h3 data-loc=\"client\/src\/pages\/Fahrzeugbauer.tsx:337\" style=\"\">Made in Germany &#8211; Qualit\u00e4t seit 2005<\/h3>\n<p data-loc=\"client\/src\/pages\/Fahrzeugbauer.tsx:339\" style=\"\">Desenvolvido e produzido na Alemanha. Vencedor do teste ADAC, testado pela TCS e comprovado ao longo de muitos anos por fabricantes renomados. Confiabilidade em que voc\u00ea pode confiar. Suporte personalizado, canais de comunica\u00e7\u00e3o diretos e linha direta com o fabricante.<\/p>\n<h2 data-loc=\"client\/src\/pages\/Fahrzeugbauer.tsx:352\" style=\"text-align: center;\">Integrados com sucesso: Nossos projetos de refer\u00eancia<\/h2>\n<p data-loc=\"client\/src\/pages\/Fahrzeugbauer.tsx:353\" style=\"text-align: center;\">Comprovado na pr\u00e1tica: TireMoni em a\u00e7\u00e3o. De ve\u00edculos municipais a m\u00e1quinas para fins especiais, o TireMoni j\u00e1 est\u00e1 em uso em milhares de ve\u00edculos em todo o mundo.<\/p>\n<h3 data-loc=\"client\/src\/pages\/Fahrzeugbauer.tsx:390\" style=\"\">Caminh\u00f5es de lixo e varredoras<\/h3>\n<p data-loc=\"client\/src\/pages\/Fahrzeugbauer.tsx:391\" style=\"\">Fabricante de carrocerias de m\u00e9dio porte, 120 ve\u00edculos\/ano<\/p>\n<p style=\"\">Desafio<\/p>\n<p data-loc=\"client\/src\/pages\/Fahrzeugbauer.tsx:396\" style=\"\">A exig\u00eancia da norma ECE R141 para ve\u00edculos N3 resultou em baixos volumes de produ\u00e7\u00e3o e recusa por parte dos fornecedores de primeiro n\u00edvel.<\/p>\n<p style=\"\">Solu\u00e7\u00e3o<\/p>\n<p data-loc=\"client\/src\/pages\/Fahrzeugbauer.tsx:400\" style=\"\">TTM-2000X com sensores externos. Instala\u00e7\u00e3o em menos de 30 minutos, sem atrasos na produ\u00e7\u00e3o.<\/p>\n<p><!--! Font Awesome Free 6.7.1 by @fontawesome - https:\/\/fontawesome.com License - https:\/\/fontawesome.com\/license\/free (Icons: CC BY 4.0, Fonts: SIL OFL 1.1, Code: MIT License) Copyright 2024 Fonticons, Inc. --><\/p>\n<p style=\"\">Homologa\u00e7\u00e3o tranquila, sem reclama\u00e7\u00f5es, instala\u00e7\u00e3o de s\u00e9rie em todos os ve\u00edculos a partir da classe N2.<\/p>\n<h3 data-loc=\"client\/src\/pages\/Fahrzeugbauer.tsx:390\" style=\"\">Corpo de bombeiros e ambul\u00e2ncia<\/h3>\n<p data-loc=\"client\/src\/pages\/Fahrzeugbauer.tsx:391\" style=\"\">Fabricante de ve\u00edculos de emerg\u00eancia, 80 ve\u00edculos\/ano<\/p>\n<p>Desafio<\/p>\n<p data-loc=\"client\/src\/pages\/Fahrzeugbauer.tsx:396\">Requisitos de seguran\u00e7a rigorosos, pneus duplos e entrega r\u00e1pida s\u00e3o imprescind\u00edveis.<\/p>\n<p style=\"\">Solu\u00e7\u00e3o<\/p>\n<p data-loc=\"client\/src\/pages\/Fahrzeugbauer.tsx:400\" style=\"\">TTM-2000X com at\u00e9 8 sensores, detec\u00e7\u00e3o autom\u00e1tica de reboque<\/p>\n<p data-loc=\"client\/src\/pages\/Fahrzeugbauer.tsx:400\" style=\"\"><\/p>\n<p><!--! Font Awesome Free 6.7.1 by @fontawesome - https:\/\/fontawesome.com License - https:\/\/fontawesome.com\/license\/free (Icons: CC BY 4.0, Fonts: SIL OFL 1.1, Code: MIT License) Copyright 2024 Fonticons, Inc. --><\/p>\n<p style=\"\">M\u00e1xima confiabilidade operacional, clientes satisfeitos (servi\u00e7os de resgate, bombeiros), instala\u00e7\u00e3o padr\u00e3o.<\/p>\n<h3 data-loc=\"client\/src\/pages\/Fahrzeugbauer.tsx:390\" style=\"\">Semirreboques e reboques especiais<\/h3>\n<p data-loc=\"client\/src\/pages\/Fahrzeugbauer.tsx:391\" style=\"\">Fabricante de reboques, 200 unidades\/ano<\/p>\n<p style=\"\">Desafio<\/p>\n<p data-loc=\"client\/src\/pages\/Fahrzeugbauer.tsx:396\" style=\"\">Conformidade com a norma ECE R141 para reboques O3\/O4, transmiss\u00e3o de dados para o ve\u00edculo de reboque.<\/p>\n<p style=\"\">Solu\u00e7\u00e3o<\/p>\n<p data-loc=\"client\/src\/pages\/Fahrzeugbauer.tsx:400\" style=\"\">Solu\u00e7\u00e3o TPMS com transmiss\u00e3o autom\u00e1tica de dados para o ve\u00edculo de reboque.<\/p>\n<p data-loc=\"client\/src\/pages\/Fahrzeugbauer.tsx:400\" style=\"\"><\/p>\n<p><!--! Font Awesome Free 6.7.1 by @fontawesome - https:\/\/fontawesome.com License - https:\/\/fontawesome.com\/license\/free (Icons: CC BY 4.0, Fonts: SIL OFL 1.1, Code: MIT License) Copyright 2024 Fonticons, Inc. --><\/p>\n<p style=\"\">Conformidade com a norma ECE R141 para toda a frota de reboques, prazos de entrega est\u00e1veis, seguran\u00e7a no planejamento.<\/p>\n<h2 data-loc=\"client\/src\/pages\/Wohnmobil.tsx:214\" style=\"text-align: center;\">Perguntas frequentes (FAQ)<\/h2>\n<p data-loc=\"client\/src\/pages\/Wohnmobil.tsx:217\" style=\"text-align: center;\">Respostas \u00e0s perguntas mais importantes sobre ECE R141 e TireMoni<\/p>\n<h3 data-loc=\"client\/src\/pages\/Flottenmanager.tsx:405\" style=\"\">Contate-nos<\/h3>\n<p data-loc=\"client\/src\/pages\/Fahrzeugbauer.tsx:589\" style=\"\"><span style=\"--tcb-applied-color: var$(--tcb-skin-color-2) !important; color: var(--tcb-skin-color-2) !important;\">Garanta j\u00e1 a solu\u00e7\u00e3o comprovada da TireMoni para a produ\u00e7\u00e3o dos seus ve\u00edculos. Nossa equipe ir\u00e1 assessor\u00e1-lo sem compromisso e criar uma proposta personalizada para voc\u00ea.<\/span><\/p>\n<p style=\"\">Vendas e Tecnologia<\/p>\n<p style=\"\">+49 9099 966 4966<\/p>\n<p style=\"color: var(--tcb-skin-color-9) !important; --tcb-applied-color: var$(--tcb-skin-color-9) !important;\"><span style=\"font-size: 12px !important;\">Mo-Fr: 08:00 &#8211; 17:00 Uhr<\/span><\/p>\n<p><!--! Font Awesome Free 6.7.1 by @fontawesome - https:\/\/fontawesome.com License - https:\/\/fontawesome.com\/license\/free (Icons: CC BY 4.0, Fonts: SIL OFL 1.1, Code: MIT License) Copyright 2024 Fonticons, Inc. --><\/p>\n<p style=\"\">Solicite um or\u00e7amento<\/p>\n<p style=\"\">sales@tpm-systems.com<\/p>\n<p style=\"\">Suas vantagens:<\/p>\n<p><!--! Font Awesome Free 6.7.1 by @fontawesome - https:\/\/fontawesome.com License - https:\/\/fontawesome.com\/license\/free (Icons: CC BY 4.0, Fonts: SIL OFL 1.1, Code: MIT License) Copyright 2024 Fonticons, Inc. --><\/p>\n<p style=\"\">Sem volume m\u00ednimo de pedido<\/p>\n<p><!--! Font Awesome Free 6.7.1 by @fontawesome - https:\/\/fontawesome.com License - https:\/\/fontawesome.com\/license\/free (Icons: CC BY 4.0, Fonts: SIL OFL 1.1, Code: MIT License) Copyright 2024 Fonticons, Inc. --><\/p>\n<p style=\"\">Entrega de amostra para instala\u00e7\u00e3o de teste<\/p>\n<p><!--! Font Awesome Free 6.7.1 by @fontawesome - https:\/\/fontawesome.com License - https:\/\/fontawesome.com\/license\/free (Icons: CC BY 4.0, Fonts: SIL OFL 1.1, Code: MIT License) Copyright 2024 Fonticons, Inc. --><\/p>\n<p style=\"\">Acordos-quadro a partir de 20 unidades<\/p>","protected":false},"excerpt":{"rendered":"<p>Seit Juli 2024 geht kein Neufahrzeug ohne RDKS durch die Zulassung. Sind Sie vorbereitet? Die UN ECE R141 macht Reifendruck\u00fcberwachung f\u00fcr alle Neufahrzeuge \u00fcber 3,5 t zur Pflicht \u2014 LKW, Busse, Trailer, Spezialfahrzeuge. Als Aufbauhersteller brauchen Sie ein RDKS, das sich in Ihren Produktionsprozess einf\u00fcgt und die Typgenehmigung nicht verz\u00f6gert. TireMoni liefert Plug-and-Play-Sensorik mit vollst\u00e4ndiger [&hellip;]<\/p>\n","protected":false},"author":45,"featured_media":0,"parent":0,"menu_order":0,"comment_status":"closed","ping_status":"closed","template":"","meta":{"inline_featured_image":false,"footnotes":""},"class_list":["post-29661","page","type-page","status-publish","hentry","post-wrapper","thrv_wrapper"],"_links":{"self":[{"href":"https:\/\/dev.tiremoni.com\/pt\/wp-json\/wp\/v2\/pages\/29661","targetHints":{"allow":["GET"]}}],"collection":[{"href":"https:\/\/dev.tiremoni.com\/pt\/wp-json\/wp\/v2\/pages"}],"about":[{"href":"https:\/\/dev.tiremoni.com\/pt\/wp-json\/wp\/v2\/types\/page"}],"author":[{"embeddable":true,"href":"https:\/\/dev.tiremoni.com\/pt\/wp-json\/wp\/v2\/users\/45"}],"replies":[{"embeddable":true,"href":"https:\/\/dev.tiremoni.com\/pt\/wp-json\/wp\/v2\/comments?post=29661"}],"version-history":[{"count":27,"href":"https:\/\/dev.tiremoni.com\/pt\/wp-json\/wp\/v2\/pages\/29661\/revisions"}],"predecessor-version":[{"id":29875,"href":"https:\/\/dev.tiremoni.com\/pt\/wp-json\/wp\/v2\/pages\/29661\/revisions\/29875"}],"wp:attachment":[{"href":"https:\/\/dev.tiremoni.com\/pt\/wp-json\/wp\/v2\/media?parent=29661"}],"curies":[{"name":"wp","href":"https:\/\/api.w.org\/{rel}","templated":true}]}}